{"id":1959,"date":"2024-07-31T05:39:28","date_gmt":"2024-07-31T05:39:28","guid":{"rendered":"https:\/\/inproductecuador.com\/?page_id=1959"},"modified":"2024-08-01T04:47:11","modified_gmt":"2024-08-01T04:47:11","slug":"bandas-sinteticas","status":"publish","type":"page","link":"https:\/\/inproductecuador.com\/index.php\/bandas-sinteticas\/","title":{"rendered":"BANDAS SINT\u00c9TICAS"},"content":{"rendered":"\t\t<div data-elementor-type=\"wp-page\" data-elementor-id=\"1959\" class=\"elementor elementor-1959\">\n\t\t\t\t\t\t\t\t\t<section class=\"elementor-section elementor-top-section elementor-element elementor-element-53f3d1b elementor-section-boxed elementor-section-height-default elementor-section-height-default\" data-id=\"53f3d1b\" data-element_type=\"section\">\n\t\t\t\t\t\t<div class=\"elementor-container elementor-column-gap-default\">\n\t\t\t\t\t<div class=\"elementor-column elementor-col-100 elementor-top-column elementor-element elementor-element-d62a205\" data-id=\"d62a205\" data-element_type=\"column\">\n\t\t\t<div class=\"elementor-widget-wrap elementor-element-populated\">\n\t\t\t\t\t\t\t\t<div class=\"elementor-element elementor-element-2245db1 elementor-widget elementor-widget-heading\" data-id=\"2245db1\" data-element_type=\"widget\" data-widget_type=\"heading.default\">\n\t\t\t\t<div class=\"elementor-widget-container\">\n\t\t\t<style>\/*! elementor - v3.13.3 - 28-05-2023 *\/\n.elementor-heading-title{padding:0;margin:0;line-height:1}.elementor-widget-heading .elementor-heading-title[class*=elementor-size-]>a{color:inherit;font-size:inherit;line-height:inherit}.elementor-widget-heading .elementor-heading-title.elementor-size-small{font-size:15px}.elementor-widget-heading .elementor-heading-title.elementor-size-medium{font-size:19px}.elementor-widget-heading .elementor-heading-title.elementor-size-large{font-size:29px}.elementor-widget-heading .elementor-heading-title.elementor-size-xl{font-size:39px}.elementor-widget-heading .elementor-heading-title.elementor-size-xxl{font-size:59px}<\/style><h2 class=\"elementor-heading-title elementor-size-default\">BANDAS DE POLIURETANO<\/h2>\t\t<\/div>\n\t\t\t\t<\/div>\n\t\t\t\t<div class=\"elementor-element elementor-element-42267ba elementor-widget elementor-widget-text-editor\" data-id=\"42267ba\" data-element_type=\"widget\" data-widget_type=\"text-editor.default\">\n\t\t\t\t<div class=\"elementor-widget-container\">\n\t\t\t<style>\/*! elementor - v3.13.3 - 28-05-2023 *\/\n.elementor-widget-text-editor.elementor-drop-cap-view-stacked .elementor-drop-cap{background-color:#69727d;color:#fff}.elementor-widget-text-editor.elementor-drop-cap-view-framed .elementor-drop-cap{color:#69727d;border:3px solid;background-color:transparent}.elementor-widget-text-editor:not(.elementor-drop-cap-view-default) .elementor-drop-cap{margin-top:8px}.elementor-widget-text-editor:not(.elementor-drop-cap-view-default) .elementor-drop-cap-letter{width:1em;height:1em}.elementor-widget-text-editor .elementor-drop-cap{float:left;text-align:center;line-height:1;font-size:50px}.elementor-widget-text-editor .elementor-drop-cap-letter{display:inline-block}<\/style>\t\t\t\t<p><span style=\"color: #628b9e; font-family: 'Open Sans', sans-serif; font-size: 13.5px;\">Nuestras bandas\/cintas de poliuretano para la industria:\u00a0 una soluci\u00f3n fiable, higi\u00e9nica, resistente, econ\u00f3mica, de larga duraci\u00f3n. Las bandas transportadoras de PU le hacen ahorrar dinero y mejoran la fiabilidad de sus procesos de fabricaci\u00f3n.<\/span><br style=\"color: #628b9e; font-family: 'Open Sans', sans-serif; font-size: 13.5px;\" \/><span style=\"color: #628b9e; font-family: 'Open Sans', sans-serif; font-size: 13.5px;\">Pueden contribuir en mejorar la productividad y el rendimiento de sus transportadores : operaciones de mantenimiento preventivo m\u00e1s distanciadas y menos paradas de producci\u00f3n. La vida \u00fatil de las bandas se alarga, mientras disminuye el consumo energ\u00e9tico.<\/span><br style=\"color: #628b9e; font-family: 'Open Sans', sans-serif; font-size: 13.5px;\" \/><span style=\"color: #628b9e; font-family: 'Open Sans', sans-serif; font-size: 13.5px;\">En aplicaciones alimentarias, nuestras bandas de TPU aportan un alto nivel de seguridad alimentaria. No contienen substancias toxicas y no hay migraci\u00f3n de componentes hacia el alimento transportado. Gracias a su superficie lisa y no porosa, de f\u00e1cil limpieza, nuestras bandas\/correas transportadoras de TPU ayudan en prevenir el riesgo de contaminaci\u00f3n por microorganismos.<\/span><\/p>\t\t\t\t\t\t<\/div>\n\t\t\t\t<\/div>\n\t\t\t\t\t<\/div>\n\t\t<\/div>\n\t\t\t\t\t\t\t<\/div>\n\t\t<\/section>\n\t\t\t\t<section class=\"elementor-section elementor-top-section elementor-element elementor-element-cdd9dea elementor-section-boxed elementor-section-height-default elementor-section-height-default\" data-id=\"cdd9dea\" data-element_type=\"section\">\n\t\t\t\t\t\t<div class=\"elementor-container elementor-column-gap-default\">\n\t\t\t\t\t<div class=\"elementor-column elementor-col-33 elementor-top-column elementor-element elementor-element-677e74c\" data-id=\"677e74c\" data-element_type=\"column\">\n\t\t\t<div class=\"elementor-widget-wrap elementor-element-populated\">\n\t\t\t\t\t\t\t\t<div class=\"elementor-element elementor-element-2fd2523 elementor-widget elementor-widget-image\" data-id=\"2fd2523\" data-element_type=\"widget\" data-widget_type=\"image.default\">\n\t\t\t\t<div class=\"elementor-widget-container\">\n\t\t\t<style>\/*! elementor - v3.13.3 - 28-05-2023 *\/\n.elementor-widget-image{text-align:center}.elementor-widget-image a{display:inline-block}.elementor-widget-image a img[src$=\".svg\"]{width:48px}.elementor-widget-image img{vertical-align:middle;display:inline-block}<\/style>\t\t\t\t\t\t\t\t\t\t\t\t<img decoding=\"async\" src=\"https:\/\/inproductecuador.com\/wp-content\/plugins\/elementor\/assets\/images\/placeholder.png\" title=\"\" alt=\"\" loading=\"lazy\" \/>\t\t\t\t\t\t\t\t\t\t\t\t\t\t\t<\/div>\n\t\t\t\t<\/div>\n\t\t\t\t\t<\/div>\n\t\t<\/div>\n\t\t\t\t<div class=\"elementor-column elementor-col-33 elementor-top-column elementor-element elementor-element-e241480\" data-id=\"e241480\" data-element_type=\"column\">\n\t\t\t<div class=\"elementor-widget-wrap elementor-element-populated\">\n\t\t\t\t\t\t\t\t<div class=\"elementor-element elementor-element-b372e36 elementor-widget elementor-widget-image\" data-id=\"b372e36\" data-element_type=\"widget\" data-widget_type=\"image.default\">\n\t\t\t\t<div class=\"elementor-widget-container\">\n\t\t\t\t\t\t\t\t\t\t\t\t\t\t\t<img decoding=\"async\" src=\"https:\/\/inproductecuador.com\/wp-content\/plugins\/elementor\/assets\/images\/placeholder.png\" title=\"\" alt=\"\" loading=\"lazy\" \/>\t\t\t\t\t\t\t\t\t\t\t\t\t\t\t<\/div>\n\t\t\t\t<\/div>\n\t\t\t\t\t<\/div>\n\t\t<\/div>\n\t\t\t\t<div class=\"elementor-column elementor-col-33 elementor-top-column elementor-element elementor-element-eed9c6f\" data-id=\"eed9c6f\" data-element_type=\"column\">\n\t\t\t<div class=\"elementor-widget-wrap elementor-element-populated\">\n\t\t\t\t\t\t\t\t<div class=\"elementor-element elementor-element-eb50f7f elementor-widget elementor-widget-image\" data-id=\"eb50f7f\" data-element_type=\"widget\" data-widget_type=\"image.default\">\n\t\t\t\t<div class=\"elementor-widget-container\">\n\t\t\t\t\t\t\t\t\t\t\t\t\t\t\t<img decoding=\"async\" src=\"https:\/\/inproductecuador.com\/wp-content\/plugins\/elementor\/assets\/images\/placeholder.png\" title=\"\" alt=\"\" loading=\"lazy\" \/>\t\t\t\t\t\t\t\t\t\t\t\t\t\t\t<\/div>\n\t\t\t\t<\/div>\n\t\t\t\t\t<\/div>\n\t\t<\/div>\n\t\t\t\t\t\t\t<\/div>\n\t\t<\/section>\n\t\t\t\t\t\t\t<\/div>\n\t\t","protected":false},"excerpt":{"rendered":"<p>BANDAS DE POLIURETANO Nuestras bandas\/cintas de poliuretano para la industria:\u00a0 una soluci\u00f3n fiable, higi\u00e9nica, resistente, econ\u00f3mica, de larga duraci\u00f3n. Las bandas transportadoras de PU le hacen ahorrar dinero y mejoran la fiabilidad de sus procesos de fabricaci\u00f3n.Pueden contribuir en mejorar la productividad y el rendimiento de sus transportadores : operaciones de mantenimiento preventivo m\u00e1s distanciadas &hellip;<\/p>\n<p class=\"read-more\"> <a class=\"\" href=\"https:\/\/inproductecuador.com\/index.php\/bandas-sinteticas\/\"> <span class=\"screen-reader-text\">BANDAS SINT\u00c9TICAS<\/span> Leer m\u00e1s &raquo;<\/a><\/p>\n","protected":false},"author":1,"featured_media":0,"parent":0,"menu_order":0,"comment_status":"closed","ping_status":"closed","template":"","meta":{"site-sidebar-layout":"no-sidebar","site-content-layout":"page-builder","ast-global-header-display":"","ast-banner-title-visibility":"","ast-main-header-display":"","ast-hfb-above-header-display":"","ast-hfb-below-header-display":"","ast-hfb-mobile-header-display":"","site-post-title":"disabled","ast-breadcrumbs-content":"","ast-featured-img":"disabled","footer-sml-layout":"","theme-transparent-header-meta":"","adv-header-id-meta":"","stick-header-meta":"","header-above-stick-meta":"","header-main-stick-meta":"","header-below-stick-meta":"","_joinchat":[]},"_links":{"self":[{"href":"https:\/\/inproductecuador.com\/index.php\/wp-json\/wp\/v2\/pages\/1959"}],"collection":[{"href":"https:\/\/inproductecuador.com\/index.php\/wp-json\/wp\/v2\/pages"}],"about":[{"href":"https:\/\/inproductecuador.com\/index.php\/wp-json\/wp\/v2\/types\/page"}],"author":[{"embeddable":true,"href":"https:\/\/inproductecuador.com\/index.php\/wp-json\/wp\/v2\/users\/1"}],"replies":[{"embeddable":true,"href":"https:\/\/inproductecuador.com\/index.php\/wp-json\/wp\/v2\/comments?post=1959"}],"version-history":[{"count":10,"href":"https:\/\/inproductecuador.com\/index.php\/wp-json\/wp\/v2\/pages\/1959\/revisions"}],"predecessor-version":[{"id":2016,"href":"https:\/\/inproductecuador.com\/index.php\/wp-json\/wp\/v2\/pages\/1959\/revisions\/2016"}],"wp:attachment":[{"href":"https:\/\/inproductecuador.com\/index.php\/wp-json\/wp\/v2\/media?parent=1959"}],"curies":[{"name":"wp","href":"https:\/\/api.w.org\/{rel}","templated":true}]}}